{"id":3873,"date":"2023-12-04T13:47:47","date_gmt":"2023-12-05T11:42:38","guid":{"rendered":"https:\/\/artofix.com\/?post_type=product&#038;p=3873"},"modified":"2025-05-12T15:20:52","modified_gmt":"2025-05-12T19:20:52","slug":"solo","status":"publish","type":"product","link":"https:\/\/artofix.com\/fr\/boutique\/solutions-predefinies\/solo\/","title":{"rendered":"SOLO | Solution acoustique pr\u00e9d\u00e9finie"},"content":{"rendered":"","protected":false},"excerpt":{"rendered":"","protected":false},"featured_media":3803,"template":"","meta":[],"product_brand":[],"product_cat":[54],"product_tag":[],"class_list":{"0":"post-3873","1":"product","2":"type-product","3":"status-publish","4":"has-post-thumbnail","6":"product_cat-solutions-predefinies","8":"first","9":"instock","10":"shipping-taxable","11":"product-type-simple"},"acf":[],"yoast_head":"<!-- This site is optimized with the Yoast SEO plugin v25.2 - https:\/\/yoast.com\/wordpress\/plugins\/seo\/ -->\n<title>SOLO - Solution acoustique pr\u00e9d\u00e9finie pour bureaux | Artofix<\/title>\n<meta name=\"description\" content=\"D\u00e9couvrez SOLO: 12 tuiles acoustiques dans un cadre unique, facile \u00e0 installer. Parfait pour un bureau ou une salle de r\u00e9union.\" \/>\n<meta name=\"robots\" content=\"index, follow, max-snippet:-1, max-image-preview:large, max-video-preview:-1\" \/>\n<link rel=\"canonical\" href=\"https:\/\/artofix.com\/fr\/boutique\/solutions-predefinies\/solo\/\" \/>\n<meta property=\"og:locale\" content=\"fr_CA\" \/>\n<meta property=\"og:type\" content=\"article\" \/>\n<meta property=\"og:title\" content=\"SOLO - Solution acoustique pr\u00e9d\u00e9finie pour bureaux | Artofix\" \/>\n<meta property=\"og:description\" content=\"D\u00e9couvrez SOLO: 12 tuiles acoustiques dans un cadre unique, facile \u00e0 installer. Parfait pour un bureau ou une salle de r\u00e9union.\" \/>\n<meta property=\"og:url\" content=\"https:\/\/artofix.com\/fr\/boutique\/solutions-predefinies\/solo\/\" \/>\n<meta property=\"og:site_name\" content=\"Artofix\" \/>\n<meta property=\"article:publisher\" content=\"https:\/\/www.facebook.com\/artofixsound\" \/>\n<meta property=\"article:modified_time\" content=\"2025-05-12T19:20:52+00:00\" \/>\n<meta property=\"og:image\" content=\"https:\/\/artofix.com\/wp-content\/uploads\/2023\/11\/SOLO_Zen_Wall_Corpo_Conference-room_Predefined_Render-Web-scaled.jpg\" \/>\n\t<meta property=\"og:image:width\" content=\"2560\" \/>\n\t<meta property=\"og:image:height\" content=\"1920\" \/>\n\t<meta property=\"og:image:type\" content=\"image\/jpeg\" \/>\n<meta name=\"twitter:card\" content=\"summary_large_image\" \/>\n<meta name=\"twitter:site\" content=\"@ArtofixInfo\" \/>\n<script type=\"application\/ld+json\" class=\"yoast-schema-graph\">{\"@context\":\"https:\/\/schema.org\",\"@graph\":[{\"@type\":\"WebPage\",\"@id\":\"https:\/\/artofix.com\/fr\/boutique\/solutions-predefinies\/solo\/\",\"url\":\"https:\/\/artofix.com\/fr\/boutique\/solutions-predefinies\/solo\/\",\"name\":\"SOLO - Solution acoustique pr\u00e9d\u00e9finie pour bureaux | Artofix\",\"isPartOf\":{\"@id\":\"https:\/\/artofix.com\/fr\/#website\"},\"primaryImageOfPage\":{\"@id\":\"https:\/\/artofix.com\/fr\/boutique\/solutions-predefinies\/solo\/#primaryimage\"},\"image\":{\"@id\":\"https:\/\/artofix.com\/fr\/boutique\/solutions-predefinies\/solo\/#primaryimage\"},\"thumbnailUrl\":\"https:\/\/artofix.com\/wp-content\/uploads\/2023\/11\/SOLO_Zen_Wall_Corpo_Conference-room_Predefined_Render-Web-scaled.jpg\",\"datePublished\":\"2023-12-05T11:42:38+00:00\",\"dateModified\":\"2025-05-12T19:20:52+00:00\",\"description\":\"D\u00e9couvrez SOLO: 12 tuiles acoustiques dans un cadre unique, facile \u00e0 installer. Parfait pour un bureau ou une salle de r\u00e9union.\",\"breadcrumb\":{\"@id\":\"https:\/\/artofix.com\/fr\/boutique\/solutions-predefinies\/solo\/#breadcrumb\"},\"inLanguage\":\"fr-CA\",\"potentialAction\":[{\"@type\":\"ReadAction\",\"target\":[\"https:\/\/artofix.com\/fr\/boutique\/solutions-predefinies\/solo\/\"]}]},{\"@type\":\"ImageObject\",\"inLanguage\":\"fr-CA\",\"@id\":\"https:\/\/artofix.com\/fr\/boutique\/solutions-predefinies\/solo\/#primaryimage\",\"url\":\"https:\/\/artofix.com\/wp-content\/uploads\/2023\/11\/SOLO_Zen_Wall_Corpo_Conference-room_Predefined_Render-Web-scaled.jpg\",\"contentUrl\":\"https:\/\/artofix.com\/wp-content\/uploads\/2023\/11\/SOLO_Zen_Wall_Corpo_Conference-room_Predefined_Render-Web-scaled.jpg\",\"width\":2560,\"height\":1920,\"caption\":\"SOLO\"},{\"@type\":\"BreadcrumbList\",\"@id\":\"https:\/\/artofix.com\/fr\/boutique\/solutions-predefinies\/solo\/#breadcrumb\",\"itemListElement\":[{\"@type\":\"ListItem\",\"position\":1,\"name\":\"Accueil\",\"item\":\"https:\/\/artofix.com\/fr\/\"},{\"@type\":\"ListItem\",\"position\":2,\"name\":\"Products\",\"item\":\"https:\/\/artofix.com\/fr\/boutique\/\"},{\"@type\":\"ListItem\",\"position\":3,\"name\":\"SOLO | Solution acoustique pr\u00e9d\u00e9finie\"}]},{\"@type\":\"WebSite\",\"@id\":\"https:\/\/artofix.com\/fr\/#website\",\"url\":\"https:\/\/artofix.com\/fr\/\",\"name\":\"Artofix\",\"description\":\"\",\"publisher\":{\"@id\":\"https:\/\/artofix.com\/fr\/#organization\"},\"potentialAction\":[{\"@type\":\"SearchAction\",\"target\":{\"@type\":\"EntryPoint\",\"urlTemplate\":\"https:\/\/artofix.com\/fr\/?s={search_term_string}\"},\"query-input\":{\"@type\":\"PropertyValueSpecification\",\"valueRequired\":true,\"valueName\":\"search_term_string\"}}],\"inLanguage\":\"fr-CA\"},{\"@type\":\"Organization\",\"@id\":\"https:\/\/artofix.com\/fr\/#organization\",\"name\":\"Artofix\",\"url\":\"https:\/\/artofix.com\/fr\/\",\"logo\":{\"@type\":\"ImageObject\",\"inLanguage\":\"fr-CA\",\"@id\":\"https:\/\/artofix.com\/fr\/#\/schema\/logo\/image\/\",\"url\":\"https:\/\/artofix.com\/wp-content\/uploads\/2019\/11\/logo-artofix.png\",\"contentUrl\":\"https:\/\/artofix.com\/wp-content\/uploads\/2019\/11\/logo-artofix.png\",\"width\":162,\"height\":40,\"caption\":\"Artofix\"},\"image\":{\"@id\":\"https:\/\/artofix.com\/fr\/#\/schema\/logo\/image\/\"},\"sameAs\":[\"https:\/\/www.facebook.com\/artofixsound\",\"https:\/\/x.com\/ArtofixInfo\",\"https:\/\/www.instagram.com\/artofix\/\",\"https:\/\/www.linkedin.com\/company\/artofix\/\",\"https:\/\/www.pinterest.ca\/ArtofixSoundXspace\/\"]}]}<\/script>\n<!-- \/ Yoast SEO plugin. -->","yoast_head_json":{"title":"SOLO - Solution acoustique pr\u00e9d\u00e9finie pour bureaux | Artofix","description":"D\u00e9couvrez SOLO: 12 tuiles acoustiques dans un cadre unique, facile \u00e0 installer. Parfait pour un bureau ou une salle de r\u00e9union.","robots":{"index":"index","follow":"follow","max-snippet":"max-snippet:-1","max-image-preview":"max-image-preview:large","max-video-preview":"max-video-preview:-1"},"canonical":"https:\/\/artofix.com\/fr\/boutique\/solutions-predefinies\/solo\/","og_locale":"fr_CA","og_type":"article","og_title":"SOLO - Solution acoustique pr\u00e9d\u00e9finie pour bureaux | Artofix","og_description":"D\u00e9couvrez SOLO: 12 tuiles acoustiques dans un cadre unique, facile \u00e0 installer. Parfait pour un bureau ou une salle de r\u00e9union.","og_url":"https:\/\/artofix.com\/fr\/boutique\/solutions-predefinies\/solo\/","og_site_name":"Artofix","article_publisher":"https:\/\/www.facebook.com\/artofixsound","article_modified_time":"2025-05-12T19:20:52+00:00","og_image":[{"width":2560,"height":1920,"url":"https:\/\/artofix.com\/wp-content\/uploads\/2023\/11\/SOLO_Zen_Wall_Corpo_Conference-room_Predefined_Render-Web-scaled.jpg","type":"image\/jpeg"}],"twitter_card":"summary_large_image","twitter_site":"@ArtofixInfo","schema":{"@context":"https:\/\/schema.org","@graph":[{"@type":"WebPage","@id":"https:\/\/artofix.com\/fr\/boutique\/solutions-predefinies\/solo\/","url":"https:\/\/artofix.com\/fr\/boutique\/solutions-predefinies\/solo\/","name":"SOLO - Solution acoustique pr\u00e9d\u00e9finie pour bureaux | Artofix","isPartOf":{"@id":"https:\/\/artofix.com\/fr\/#website"},"primaryImageOfPage":{"@id":"https:\/\/artofix.com\/fr\/boutique\/solutions-predefinies\/solo\/#primaryimage"},"image":{"@id":"https:\/\/artofix.com\/fr\/boutique\/solutions-predefinies\/solo\/#primaryimage"},"thumbnailUrl":"https:\/\/artofix.com\/wp-content\/uploads\/2023\/11\/SOLO_Zen_Wall_Corpo_Conference-room_Predefined_Render-Web-scaled.jpg","datePublished":"2023-12-05T11:42:38+00:00","dateModified":"2025-05-12T19:20:52+00:00","description":"D\u00e9couvrez SOLO: 12 tuiles acoustiques dans un cadre unique, facile \u00e0 installer. Parfait pour un bureau ou une salle de r\u00e9union.","breadcrumb":{"@id":"https:\/\/artofix.com\/fr\/boutique\/solutions-predefinies\/solo\/#breadcrumb"},"inLanguage":"fr-CA","potentialAction":[{"@type":"ReadAction","target":["https:\/\/artofix.com\/fr\/boutique\/solutions-predefinies\/solo\/"]}]},{"@type":"ImageObject","inLanguage":"fr-CA","@id":"https:\/\/artofix.com\/fr\/boutique\/solutions-predefinies\/solo\/#primaryimage","url":"https:\/\/artofix.com\/wp-content\/uploads\/2023\/11\/SOLO_Zen_Wall_Corpo_Conference-room_Predefined_Render-Web-scaled.jpg","contentUrl":"https:\/\/artofix.com\/wp-content\/uploads\/2023\/11\/SOLO_Zen_Wall_Corpo_Conference-room_Predefined_Render-Web-scaled.jpg","width":2560,"height":1920,"caption":"SOLO"},{"@type":"BreadcrumbList","@id":"https:\/\/artofix.com\/fr\/boutique\/solutions-predefinies\/solo\/#breadcrumb","itemListElement":[{"@type":"ListItem","position":1,"name":"Accueil","item":"https:\/\/artofix.com\/fr\/"},{"@type":"ListItem","position":2,"name":"Products","item":"https:\/\/artofix.com\/fr\/boutique\/"},{"@type":"ListItem","position":3,"name":"SOLO | Solution acoustique pr\u00e9d\u00e9finie"}]},{"@type":"WebSite","@id":"https:\/\/artofix.com\/fr\/#website","url":"https:\/\/artofix.com\/fr\/","name":"Artofix","description":"","publisher":{"@id":"https:\/\/artofix.com\/fr\/#organization"},"potentialAction":[{"@type":"SearchAction","target":{"@type":"EntryPoint","urlTemplate":"https:\/\/artofix.com\/fr\/?s={search_term_string}"},"query-input":{"@type":"PropertyValueSpecification","valueRequired":true,"valueName":"search_term_string"}}],"inLanguage":"fr-CA"},{"@type":"Organization","@id":"https:\/\/artofix.com\/fr\/#organization","name":"Artofix","url":"https:\/\/artofix.com\/fr\/","logo":{"@type":"ImageObject","inLanguage":"fr-CA","@id":"https:\/\/artofix.com\/fr\/#\/schema\/logo\/image\/","url":"https:\/\/artofix.com\/wp-content\/uploads\/2019\/11\/logo-artofix.png","contentUrl":"https:\/\/artofix.com\/wp-content\/uploads\/2019\/11\/logo-artofix.png","width":162,"height":40,"caption":"Artofix"},"image":{"@id":"https:\/\/artofix.com\/fr\/#\/schema\/logo\/image\/"},"sameAs":["https:\/\/www.facebook.com\/artofixsound","https:\/\/x.com\/ArtofixInfo","https:\/\/www.instagram.com\/artofix\/","https:\/\/www.linkedin.com\/company\/artofix\/","https:\/\/www.pinterest.ca\/ArtofixSoundXspace\/"]}]}},"_links":{"self":[{"href":"https:\/\/artofix.com\/fr\/wp-json\/wp\/v2\/product\/3873","targetHints":{"allow":["GET"]}}],"collection":[{"href":"https:\/\/artofix.com\/fr\/wp-json\/wp\/v2\/product"}],"about":[{"href":"https:\/\/artofix.com\/fr\/wp-json\/wp\/v2\/types\/product"}],"wp:featuredmedia":[{"embeddable":true,"href":"https:\/\/artofix.com\/fr\/wp-json\/wp\/v2\/media\/3803"}],"wp:attachment":[{"href":"https:\/\/artofix.com\/fr\/wp-json\/wp\/v2\/media?parent=3873"}],"wp:term":[{"taxonomy":"product_brand","embeddable":true,"href":"https:\/\/artofix.com\/fr\/wp-json\/wp\/v2\/product_brand?post=3873"},{"taxonomy":"product_cat","embeddable":true,"href":"https:\/\/artofix.com\/fr\/wp-json\/wp\/v2\/product_cat?post=3873"},{"taxonomy":"product_tag","embeddable":true,"href":"https:\/\/artofix.com\/fr\/wp-json\/wp\/v2\/product_tag?post=3873"}],"curies":[{"name":"wp","href":"https:\/\/api.w.org\/{rel}","templated":true}]}}