{"id":3606,"date":"2023-05-26T20:01:11","date_gmt":"2023-05-27T00:01:11","guid":{"rendered":"https:\/\/artofix.com\/?post_type=product&#038;p=3606"},"modified":"2025-11-13T16:10:06","modified_gmt":"2025-11-13T21:10:06","slug":"crystal-plafond","status":"publish","type":"product","link":"https:\/\/artofix.com\/fr\/boutique\/tuiles-acoustiques-pour-plafond\/crystal-plafond\/","title":{"rendered":"Crystal | Tuile acoustique 3D pour plafond suspendu"},"content":{"rendered":"","protected":false},"excerpt":{"rendered":"","protected":false},"featured_media":1695,"template":"","meta":[],"product_brand":[],"product_cat":[35],"product_tag":[],"class_list":{"0":"post-3606","1":"product","2":"type-product","3":"status-publish","4":"has-post-thumbnail","6":"product_cat-tuiles-acoustiques-pour-plafond","8":"first","9":"instock","10":"shipping-taxable","11":"product-type-simple"},"acf":[],"yoast_head":"<!-- This site is optimized with the Yoast SEO plugin v25.2 - https:\/\/yoast.com\/wordpress\/plugins\/seo\/ -->\n<title>Crystal - Tuile acoustique tridimensionnelle 24x24 - CRB 0.85 | Artofix<\/title>\n<meta name=\"description\" content=\"D\u00e9couvrez la tuile acoustique tridimensionnelle Crystal 24x24 d&#039;Artofix avec un CRB de 0.85. Id\u00e9ale pour am\u00e9liorer l&#039;acoustique et le design de vos espaces int\u00e9rieurs.\" \/>\n<meta name=\"robots\" content=\"index, follow, max-snippet:-1, max-image-preview:large, max-video-preview:-1\" \/>\n<link rel=\"canonical\" href=\"https:\/\/artofix.com\/fr\/boutique\/tuiles-acoustiques-pour-plafond\/crystal-plafond\/\" \/>\n<meta property=\"og:locale\" content=\"fr_CA\" \/>\n<meta property=\"og:type\" content=\"article\" \/>\n<meta property=\"og:title\" content=\"Crystal - Tuile acoustique tridimensionnelle 24x24 - CRB 0.85 | Artofix\" \/>\n<meta property=\"og:description\" content=\"D\u00e9couvrez la tuile acoustique tridimensionnelle Crystal 24x24 d&#039;Artofix avec un CRB de 0.85. Id\u00e9ale pour am\u00e9liorer l&#039;acoustique et le design de vos espaces int\u00e9rieurs.\" \/>\n<meta property=\"og:url\" content=\"https:\/\/artofix.com\/fr\/boutique\/tuiles-acoustiques-pour-plafond\/crystal-plafond\/\" \/>\n<meta property=\"og:site_name\" content=\"Artofix\" \/>\n<meta property=\"article:publisher\" content=\"https:\/\/www.facebook.com\/artofixsound\" \/>\n<meta property=\"article:modified_time\" content=\"2025-11-13T21:10:06+00:00\" \/>\n<meta property=\"og:image\" content=\"https:\/\/artofix.com\/wp-content\/uploads\/2020\/05\/artofix_studio_crystal-171204_front_final_1000_NOTAB.png\" \/>\n\t<meta property=\"og:image:width\" content=\"836\" \/>\n\t<meta property=\"og:image:height\" content=\"836\" \/>\n\t<meta property=\"og:image:type\" content=\"image\/png\" \/>\n<meta name=\"twitter:card\" content=\"summary_large_image\" \/>\n<meta name=\"twitter:site\" content=\"@ArtofixInfo\" \/>\n<meta name=\"twitter:label1\" content=\"Estimation du temps de lecture\" \/>\n\t<meta name=\"twitter:data1\" content=\"1 minute\" \/>\n<script type=\"application\/ld+json\" class=\"yoast-schema-graph\">{\"@context\":\"https:\/\/schema.org\",\"@graph\":[{\"@type\":\"WebPage\",\"@id\":\"https:\/\/artofix.com\/fr\/boutique\/tuiles-acoustiques-pour-plafond\/crystal-plafond\/\",\"url\":\"https:\/\/artofix.com\/fr\/boutique\/tuiles-acoustiques-pour-plafond\/crystal-plafond\/\",\"name\":\"Crystal - Tuile acoustique tridimensionnelle 24x24 - CRB 0.85 | Artofix\",\"isPartOf\":{\"@id\":\"https:\/\/artofix.com\/fr\/#website\"},\"primaryImageOfPage\":{\"@id\":\"https:\/\/artofix.com\/fr\/boutique\/tuiles-acoustiques-pour-plafond\/crystal-plafond\/#primaryimage\"},\"image\":{\"@id\":\"https:\/\/artofix.com\/fr\/boutique\/tuiles-acoustiques-pour-plafond\/crystal-plafond\/#primaryimage\"},\"thumbnailUrl\":\"https:\/\/artofix.com\/wp-content\/uploads\/2020\/05\/artofix_studio_crystal-171204_front_final_1000_NOTAB.png\",\"datePublished\":\"2023-05-27T00:01:11+00:00\",\"dateModified\":\"2025-11-13T21:10:06+00:00\",\"description\":\"D\u00e9couvrez la tuile acoustique tridimensionnelle Crystal 24x24 d'Artofix avec un CRB de 0.85. Id\u00e9ale pour am\u00e9liorer l'acoustique et le design de vos espaces int\u00e9rieurs.\",\"breadcrumb\":{\"@id\":\"https:\/\/artofix.com\/fr\/boutique\/tuiles-acoustiques-pour-plafond\/crystal-plafond\/#breadcrumb\"},\"inLanguage\":\"fr-CA\",\"potentialAction\":[{\"@type\":\"ReadAction\",\"target\":[\"https:\/\/artofix.com\/fr\/boutique\/tuiles-acoustiques-pour-plafond\/crystal-plafond\/\"]}]},{\"@type\":\"ImageObject\",\"inLanguage\":\"fr-CA\",\"@id\":\"https:\/\/artofix.com\/fr\/boutique\/tuiles-acoustiques-pour-plafond\/crystal-plafond\/#primaryimage\",\"url\":\"https:\/\/artofix.com\/wp-content\/uploads\/2020\/05\/artofix_studio_crystal-171204_front_final_1000_NOTAB.png\",\"contentUrl\":\"https:\/\/artofix.com\/wp-content\/uploads\/2020\/05\/artofix_studio_crystal-171204_front_final_1000_NOTAB.png\",\"width\":836,\"height\":836},{\"@type\":\"BreadcrumbList\",\"@id\":\"https:\/\/artofix.com\/fr\/boutique\/tuiles-acoustiques-pour-plafond\/crystal-plafond\/#breadcrumb\",\"itemListElement\":[{\"@type\":\"ListItem\",\"position\":1,\"name\":\"Accueil\",\"item\":\"https:\/\/artofix.com\/fr\/\"},{\"@type\":\"ListItem\",\"position\":2,\"name\":\"Products\",\"item\":\"https:\/\/artofix.com\/fr\/boutique\/\"},{\"@type\":\"ListItem\",\"position\":3,\"name\":\"Crystal | Tuile acoustique 3D pour plafond suspendu\"}]},{\"@type\":\"WebSite\",\"@id\":\"https:\/\/artofix.com\/fr\/#website\",\"url\":\"https:\/\/artofix.com\/fr\/\",\"name\":\"Artofix\",\"description\":\"\",\"publisher\":{\"@id\":\"https:\/\/artofix.com\/fr\/#organization\"},\"potentialAction\":[{\"@type\":\"SearchAction\",\"target\":{\"@type\":\"EntryPoint\",\"urlTemplate\":\"https:\/\/artofix.com\/fr\/?s={search_term_string}\"},\"query-input\":{\"@type\":\"PropertyValueSpecification\",\"valueRequired\":true,\"valueName\":\"search_term_string\"}}],\"inLanguage\":\"fr-CA\"},{\"@type\":\"Organization\",\"@id\":\"https:\/\/artofix.com\/fr\/#organization\",\"name\":\"Artofix\",\"url\":\"https:\/\/artofix.com\/fr\/\",\"logo\":{\"@type\":\"ImageObject\",\"inLanguage\":\"fr-CA\",\"@id\":\"https:\/\/artofix.com\/fr\/#\/schema\/logo\/image\/\",\"url\":\"https:\/\/artofix.com\/wp-content\/uploads\/2019\/11\/logo-artofix.png\",\"contentUrl\":\"https:\/\/artofix.com\/wp-content\/uploads\/2019\/11\/logo-artofix.png\",\"width\":162,\"height\":40,\"caption\":\"Artofix\"},\"image\":{\"@id\":\"https:\/\/artofix.com\/fr\/#\/schema\/logo\/image\/\"},\"sameAs\":[\"https:\/\/www.facebook.com\/artofixsound\",\"https:\/\/x.com\/ArtofixInfo\",\"https:\/\/www.instagram.com\/artofix\/\",\"https:\/\/www.linkedin.com\/company\/artofix\/\",\"https:\/\/www.pinterest.ca\/ArtofixSoundXspace\/\"]}]}<\/script>\n<!-- \/ Yoast SEO plugin. -->","yoast_head_json":{"title":"Crystal - Tuile acoustique tridimensionnelle 24x24 - CRB 0.85 | Artofix","description":"D\u00e9couvrez la tuile acoustique tridimensionnelle Crystal 24x24 d'Artofix avec un CRB de 0.85. Id\u00e9ale pour am\u00e9liorer l'acoustique et le design de vos espaces int\u00e9rieurs.","robots":{"index":"index","follow":"follow","max-snippet":"max-snippet:-1","max-image-preview":"max-image-preview:large","max-video-preview":"max-video-preview:-1"},"canonical":"https:\/\/artofix.com\/fr\/boutique\/tuiles-acoustiques-pour-plafond\/crystal-plafond\/","og_locale":"fr_CA","og_type":"article","og_title":"Crystal - Tuile acoustique tridimensionnelle 24x24 - CRB 0.85 | Artofix","og_description":"D\u00e9couvrez la tuile acoustique tridimensionnelle Crystal 24x24 d'Artofix avec un CRB de 0.85. Id\u00e9ale pour am\u00e9liorer l'acoustique et le design de vos espaces int\u00e9rieurs.","og_url":"https:\/\/artofix.com\/fr\/boutique\/tuiles-acoustiques-pour-plafond\/crystal-plafond\/","og_site_name":"Artofix","article_publisher":"https:\/\/www.facebook.com\/artofixsound","article_modified_time":"2025-11-13T21:10:06+00:00","og_image":[{"width":836,"height":836,"url":"https:\/\/artofix.com\/wp-content\/uploads\/2020\/05\/artofix_studio_crystal-171204_front_final_1000_NOTAB.png","type":"image\/png"}],"twitter_card":"summary_large_image","twitter_site":"@ArtofixInfo","twitter_misc":{"Estimation du temps de lecture":"1 minute"},"schema":{"@context":"https:\/\/schema.org","@graph":[{"@type":"WebPage","@id":"https:\/\/artofix.com\/fr\/boutique\/tuiles-acoustiques-pour-plafond\/crystal-plafond\/","url":"https:\/\/artofix.com\/fr\/boutique\/tuiles-acoustiques-pour-plafond\/crystal-plafond\/","name":"Crystal - Tuile acoustique tridimensionnelle 24x24 - CRB 0.85 | Artofix","isPartOf":{"@id":"https:\/\/artofix.com\/fr\/#website"},"primaryImageOfPage":{"@id":"https:\/\/artofix.com\/fr\/boutique\/tuiles-acoustiques-pour-plafond\/crystal-plafond\/#primaryimage"},"image":{"@id":"https:\/\/artofix.com\/fr\/boutique\/tuiles-acoustiques-pour-plafond\/crystal-plafond\/#primaryimage"},"thumbnailUrl":"https:\/\/artofix.com\/wp-content\/uploads\/2020\/05\/artofix_studio_crystal-171204_front_final_1000_NOTAB.png","datePublished":"2023-05-27T00:01:11+00:00","dateModified":"2025-11-13T21:10:06+00:00","description":"D\u00e9couvrez la tuile acoustique tridimensionnelle Crystal 24x24 d'Artofix avec un CRB de 0.85. Id\u00e9ale pour am\u00e9liorer l'acoustique et le design de vos espaces int\u00e9rieurs.","breadcrumb":{"@id":"https:\/\/artofix.com\/fr\/boutique\/tuiles-acoustiques-pour-plafond\/crystal-plafond\/#breadcrumb"},"inLanguage":"fr-CA","potentialAction":[{"@type":"ReadAction","target":["https:\/\/artofix.com\/fr\/boutique\/tuiles-acoustiques-pour-plafond\/crystal-plafond\/"]}]},{"@type":"ImageObject","inLanguage":"fr-CA","@id":"https:\/\/artofix.com\/fr\/boutique\/tuiles-acoustiques-pour-plafond\/crystal-plafond\/#primaryimage","url":"https:\/\/artofix.com\/wp-content\/uploads\/2020\/05\/artofix_studio_crystal-171204_front_final_1000_NOTAB.png","contentUrl":"https:\/\/artofix.com\/wp-content\/uploads\/2020\/05\/artofix_studio_crystal-171204_front_final_1000_NOTAB.png","width":836,"height":836},{"@type":"BreadcrumbList","@id":"https:\/\/artofix.com\/fr\/boutique\/tuiles-acoustiques-pour-plafond\/crystal-plafond\/#breadcrumb","itemListElement":[{"@type":"ListItem","position":1,"name":"Accueil","item":"https:\/\/artofix.com\/fr\/"},{"@type":"ListItem","position":2,"name":"Products","item":"https:\/\/artofix.com\/fr\/boutique\/"},{"@type":"ListItem","position":3,"name":"Crystal | Tuile acoustique 3D pour plafond suspendu"}]},{"@type":"WebSite","@id":"https:\/\/artofix.com\/fr\/#website","url":"https:\/\/artofix.com\/fr\/","name":"Artofix","description":"","publisher":{"@id":"https:\/\/artofix.com\/fr\/#organization"},"potentialAction":[{"@type":"SearchAction","target":{"@type":"EntryPoint","urlTemplate":"https:\/\/artofix.com\/fr\/?s={search_term_string}"},"query-input":{"@type":"PropertyValueSpecification","valueRequired":true,"valueName":"search_term_string"}}],"inLanguage":"fr-CA"},{"@type":"Organization","@id":"https:\/\/artofix.com\/fr\/#organization","name":"Artofix","url":"https:\/\/artofix.com\/fr\/","logo":{"@type":"ImageObject","inLanguage":"fr-CA","@id":"https:\/\/artofix.com\/fr\/#\/schema\/logo\/image\/","url":"https:\/\/artofix.com\/wp-content\/uploads\/2019\/11\/logo-artofix.png","contentUrl":"https:\/\/artofix.com\/wp-content\/uploads\/2019\/11\/logo-artofix.png","width":162,"height":40,"caption":"Artofix"},"image":{"@id":"https:\/\/artofix.com\/fr\/#\/schema\/logo\/image\/"},"sameAs":["https:\/\/www.facebook.com\/artofixsound","https:\/\/x.com\/ArtofixInfo","https:\/\/www.instagram.com\/artofix\/","https:\/\/www.linkedin.com\/company\/artofix\/","https:\/\/www.pinterest.ca\/ArtofixSoundXspace\/"]}]}},"_links":{"self":[{"href":"https:\/\/artofix.com\/fr\/wp-json\/wp\/v2\/product\/3606","targetHints":{"allow":["GET"]}}],"collection":[{"href":"https:\/\/artofix.com\/fr\/wp-json\/wp\/v2\/product"}],"about":[{"href":"https:\/\/artofix.com\/fr\/wp-json\/wp\/v2\/types\/product"}],"wp:featuredmedia":[{"embeddable":true,"href":"https:\/\/artofix.com\/fr\/wp-json\/wp\/v2\/media\/1695"}],"wp:attachment":[{"href":"https:\/\/artofix.com\/fr\/wp-json\/wp\/v2\/media?parent=3606"}],"wp:term":[{"taxonomy":"product_brand","embeddable":true,"href":"https:\/\/artofix.com\/fr\/wp-json\/wp\/v2\/product_brand?post=3606"},{"taxonomy":"product_cat","embeddable":true,"href":"https:\/\/artofix.com\/fr\/wp-json\/wp\/v2\/product_cat?post=3606"},{"taxonomy":"product_tag","embeddable":true,"href":"https:\/\/artofix.com\/fr\/wp-json\/wp\/v2\/product_tag?post=3606"}],"curies":[{"name":"wp","href":"https:\/\/api.w.org\/{rel}","templated":true}]}}