{"id":2258,"date":"2021-01-15T15:55:59","date_gmt":"2021-01-15T20:55:59","guid":{"rendered":"https:\/\/artofix.com\/?page_id=2258"},"modified":"2021-02-08T14:46:53","modified_gmt":"2021-02-08T19:46:53","slug":"confidentialite","status":"publish","type":"page","link":"https:\/\/artofix.com\/fr\/confidentialite\/","title":{"rendered":"Protection de vos renseignements personnels"},"content":{"rendered":"<div style=\"height:100px\" aria-hidden=\"true\" class=\"wp-block-spacer\"><\/div><div class=\"about-content__inner__el\">\n    <div class=\"about-content__inner__el__title \">Confidentialit\u00e9<\/div>\n    <div class=\"about-content__inner__el__dsp\"><p>Artofix prend les questions de confidentialit\u00e9 tr\u00e8s au s\u00e9rieux et prend les mesures n\u00e9cessaires pour assurer la confidentialit\u00e9 des informations qui vous concernent personnellement.<\/p>\n<p>Par \u00ab renseignements personnels \u00bb , nous entendons tout renseignement sur vous que vous nous fournissez volontairement et qui est utilis\u00e9 pour vous identifier.<\/p>\n    <\/div>\n<\/div><div class=\"about-content__inner__el\">\n    <div class=\"about-content__inner__el__title \">Protection de votre information<\/div>\n    <div class=\"about-content__inner__el__dsp\"><p>Les renseignements personnels recueillis par artofix.com est strictement confidentiel. Les seuls employ\u00e9s ayant acc\u00e8s \u00e0 ces renseignements personnels sont ceux qui sont autoris\u00e9s \u00e0 traiter les questions ou demandes qui concernent les informations fournies. Sauf obligation de fournir un service auquel vous \u00eates inscrit ou pour donner effet \u00e0 une ordonnance du tribunal, les informations personnelles ne seront jamais rendus publiques ou vendues ni communiqu\u00e9es \u00e0 des tiers sans votre consentement. Artofix applique diff\u00e9rentes r\u00e8gles pour prot\u00e9ger vos renseignements personnels. Nous ne divulguons pas d\u2019informations sur nos membres sans leur consentement.<\/p>\n    <\/div>\n<\/div><div class=\"about-content__inner__el\">\n    <div class=\"about-content__inner__el__title \">Pourquoi recueillons-nous des renseignements personnels sur ce site?<\/div>\n    <div class=\"about-content__inner__el__dsp\"><p>Les renseignements personnels que nous recueillons sur vous sur www.artofix.com sont utilis\u00e9s pour traiter les demandes en ligne que vous nous adressez.<\/p>\n    <\/div>\n<\/div><div class=\"about-content__inner__el\">\n    <div class=\"about-content__inner__el__title \">Renseignements recueillis automatiquement<\/div>\n    <div class=\"about-content__inner__el__dsp\"><p>Les \u00ab cookies \u00bb ou \u00ab t\u00e9moins \u00bb sont des petits fichiers texte qui s\u2019incorporent dans votre disque dur \u00e0 partir de certaines pages Web. Les t\u00e9moins sont inoffensifs en ce qu\u2019ils ne peuvent pas extraire des informations de votre disque dur, sur lequel vous avez le plein contr\u00f4le. Artofix utilise des t\u00e9moins afin notamment d\u2019\u00e9tablir l\u2019achalandage de ce site, de transmettre des informations utiles \u00e0 notre marketing, et de personnaliser l\u2019utilisation future que vous ferez de ce site. <\/p>\n<p>Cette technologie ne met pas syst\u00e9matiquement \u00e0 la disposition d\u2019artofix des informations personnelles vous concernant. Les fournisseurs tiers, y compris Google, diffusent nos annonces sur des sites Web. Les fournisseurs tiers, y compris Google, utilisent des cookies pour diffuser des annonces en fonction des visites ant\u00e9rieures des internautes sur ce site. vous pouvez peuvent d\u00e9sactiver l\u2019utilisation des cookies par Google via la page <b><a style=\"color: #000000;\" href=\"\/\/www.google.com\/policies\/privacy\/ads\/\">[Google advertising opt-out page]<\/a><\/b>.<\/p>\n    <\/div>\n<\/div><div class=\"about-content__inner__el\">\n    <div class=\"about-content__inner__el__title \">Liens vers des sites tiers<\/div>\n    <div class=\"about-content__inner__el__dsp\"><p>Pour votre commodit\u00e9, artofix.com fournit des liens vers les sites de tiers ou des sections de leurs sites. Cependant, Artofix n\u2019a aucun contr\u00f4le sur le contenu ou le fonctionnement de ces sites, ni ne contr\u00f4le la confidentialit\u00e9 ou des pratiques de confidentialit\u00e9 des exploitants de sites. Par cons\u00e9quent, toutes les informations personnelles que vous transmettez par l\u2019interm\u00e9diaire de ces sites est r\u00e9gie par les politiques des sites en question de la vie priv\u00e9e. Il est donc de votre responsabilit\u00e9 de vous renseigner sur leurs politiques afin de prot\u00e9ger les donn\u00e9es qui vous concernent .<\/p>\n    <\/div>\n<\/div><div class=\"about-content__inner__el\">\n    <div class=\"about-content__inner__el__title \">Politique de courriel<\/div>\n    <div class=\"about-content__inner__el__dsp\"><p>Artofix ne fait aucune sollicitation pour obtenir des informations personnelles et confidentielles par courriel ou autrement.<\/p>\n    <\/div>\n<\/div>","protected":false},"excerpt":{"rendered":"","protected":false},"author":2,"featured_media":0,"parent":0,"menu_order":0,"comment_status":"closed","ping_status":"closed","template":"","meta":{"footnotes":""},"class_list":["post-2258","page","type-page","status-publish","hentry"],"acf":[],"yoast_head":"<!-- This site is optimized with the Yoast SEO plugin v25.2 - https:\/\/yoast.com\/wordpress\/plugins\/seo\/ -->\n<title>Protection de vos renseignements personnels - Artofix<\/title>\n<meta name=\"robots\" content=\"index, follow, max-snippet:-1, max-image-preview:large, max-video-preview:-1\" \/>\n<link rel=\"canonical\" href=\"https:\/\/artofix.com\/fr\/confidentialite\/\" \/>\n<meta property=\"og:locale\" content=\"fr_CA\" \/>\n<meta property=\"og:type\" content=\"article\" \/>\n<meta property=\"og:title\" content=\"Protection de vos renseignements personnels - Artofix\" \/>\n<meta property=\"og:url\" content=\"https:\/\/artofix.com\/fr\/confidentialite\/\" \/>\n<meta property=\"og:site_name\" content=\"Artofix\" \/>\n<meta property=\"article:publisher\" content=\"https:\/\/www.facebook.com\/artofixsound\" \/>\n<meta property=\"article:modified_time\" content=\"2021-02-08T19:46:53+00:00\" \/>\n<meta property=\"og:image\" content=\"https:\/\/artofix.com\/wp-content\/uploads\/2021\/10\/ARTOFIX.png\" \/>\n\t<meta property=\"og:image:width\" content=\"1138\" \/>\n\t<meta property=\"og:image:height\" content=\"759\" \/>\n\t<meta property=\"og:image:type\" content=\"image\/png\" \/>\n<meta name=\"twitter:card\" content=\"summary_large_image\" \/>\n<meta name=\"twitter:site\" content=\"@ArtofixInfo\" \/>\n<script type=\"application\/ld+json\" class=\"yoast-schema-graph\">{\"@context\":\"https:\/\/schema.org\",\"@graph\":[{\"@type\":\"WebPage\",\"@id\":\"https:\/\/artofix.com\/fr\/confidentialite\/\",\"url\":\"https:\/\/artofix.com\/fr\/confidentialite\/\",\"name\":\"Protection de vos renseignements personnels - Artofix\",\"isPartOf\":{\"@id\":\"https:\/\/artofix.com\/fr\/#website\"},\"datePublished\":\"2021-01-15T20:55:59+00:00\",\"dateModified\":\"2021-02-08T19:46:53+00:00\",\"breadcrumb\":{\"@id\":\"https:\/\/artofix.com\/fr\/confidentialite\/#breadcrumb\"},\"inLanguage\":\"fr-CA\",\"potentialAction\":[{\"@type\":\"ReadAction\",\"target\":[\"https:\/\/artofix.com\/fr\/confidentialite\/\"]}]},{\"@type\":\"BreadcrumbList\",\"@id\":\"https:\/\/artofix.com\/fr\/confidentialite\/#breadcrumb\",\"itemListElement\":[{\"@type\":\"ListItem\",\"position\":1,\"name\":\"Accueil\",\"item\":\"https:\/\/artofix.com\/fr\/\"},{\"@type\":\"ListItem\",\"position\":2,\"name\":\"Protection de vos renseignements personnels\"}]},{\"@type\":\"WebSite\",\"@id\":\"https:\/\/artofix.com\/fr\/#website\",\"url\":\"https:\/\/artofix.com\/fr\/\",\"name\":\"Artofix\",\"description\":\"\",\"publisher\":{\"@id\":\"https:\/\/artofix.com\/fr\/#organization\"},\"potentialAction\":[{\"@type\":\"SearchAction\",\"target\":{\"@type\":\"EntryPoint\",\"urlTemplate\":\"https:\/\/artofix.com\/fr\/?s={search_term_string}\"},\"query-input\":{\"@type\":\"PropertyValueSpecification\",\"valueRequired\":true,\"valueName\":\"search_term_string\"}}],\"inLanguage\":\"fr-CA\"},{\"@type\":\"Organization\",\"@id\":\"https:\/\/artofix.com\/fr\/#organization\",\"name\":\"Artofix\",\"url\":\"https:\/\/artofix.com\/fr\/\",\"logo\":{\"@type\":\"ImageObject\",\"inLanguage\":\"fr-CA\",\"@id\":\"https:\/\/artofix.com\/fr\/#\/schema\/logo\/image\/\",\"url\":\"https:\/\/artofix.com\/wp-content\/uploads\/2019\/11\/logo-artofix.png\",\"contentUrl\":\"https:\/\/artofix.com\/wp-content\/uploads\/2019\/11\/logo-artofix.png\",\"width\":162,\"height\":40,\"caption\":\"Artofix\"},\"image\":{\"@id\":\"https:\/\/artofix.com\/fr\/#\/schema\/logo\/image\/\"},\"sameAs\":[\"https:\/\/www.facebook.com\/artofixsound\",\"https:\/\/x.com\/ArtofixInfo\",\"https:\/\/www.instagram.com\/artofix\/\",\"https:\/\/www.linkedin.com\/company\/artofix\/\",\"https:\/\/www.pinterest.ca\/ArtofixSoundXspace\/\"]}]}<\/script>\n<!-- \/ Yoast SEO plugin. -->","yoast_head_json":{"title":"Protection de vos renseignements personnels - Artofix","robots":{"index":"index","follow":"follow","max-snippet":"max-snippet:-1","max-image-preview":"max-image-preview:large","max-video-preview":"max-video-preview:-1"},"canonical":"https:\/\/artofix.com\/fr\/confidentialite\/","og_locale":"fr_CA","og_type":"article","og_title":"Protection de vos renseignements personnels - Artofix","og_url":"https:\/\/artofix.com\/fr\/confidentialite\/","og_site_name":"Artofix","article_publisher":"https:\/\/www.facebook.com\/artofixsound","article_modified_time":"2021-02-08T19:46:53+00:00","og_image":[{"width":1138,"height":759,"url":"https:\/\/artofix.com\/wp-content\/uploads\/2021\/10\/ARTOFIX.png","type":"image\/png"}],"twitter_card":"summary_large_image","twitter_site":"@ArtofixInfo","schema":{"@context":"https:\/\/schema.org","@graph":[{"@type":"WebPage","@id":"https:\/\/artofix.com\/fr\/confidentialite\/","url":"https:\/\/artofix.com\/fr\/confidentialite\/","name":"Protection de vos renseignements personnels - Artofix","isPartOf":{"@id":"https:\/\/artofix.com\/fr\/#website"},"datePublished":"2021-01-15T20:55:59+00:00","dateModified":"2021-02-08T19:46:53+00:00","breadcrumb":{"@id":"https:\/\/artofix.com\/fr\/confidentialite\/#breadcrumb"},"inLanguage":"fr-CA","potentialAction":[{"@type":"ReadAction","target":["https:\/\/artofix.com\/fr\/confidentialite\/"]}]},{"@type":"BreadcrumbList","@id":"https:\/\/artofix.com\/fr\/confidentialite\/#breadcrumb","itemListElement":[{"@type":"ListItem","position":1,"name":"Accueil","item":"https:\/\/artofix.com\/fr\/"},{"@type":"ListItem","position":2,"name":"Protection de vos renseignements personnels"}]},{"@type":"WebSite","@id":"https:\/\/artofix.com\/fr\/#website","url":"https:\/\/artofix.com\/fr\/","name":"Artofix","description":"","publisher":{"@id":"https:\/\/artofix.com\/fr\/#organization"},"potentialAction":[{"@type":"SearchAction","target":{"@type":"EntryPoint","urlTemplate":"https:\/\/artofix.com\/fr\/?s={search_term_string}"},"query-input":{"@type":"PropertyValueSpecification","valueRequired":true,"valueName":"search_term_string"}}],"inLanguage":"fr-CA"},{"@type":"Organization","@id":"https:\/\/artofix.com\/fr\/#organization","name":"Artofix","url":"https:\/\/artofix.com\/fr\/","logo":{"@type":"ImageObject","inLanguage":"fr-CA","@id":"https:\/\/artofix.com\/fr\/#\/schema\/logo\/image\/","url":"https:\/\/artofix.com\/wp-content\/uploads\/2019\/11\/logo-artofix.png","contentUrl":"https:\/\/artofix.com\/wp-content\/uploads\/2019\/11\/logo-artofix.png","width":162,"height":40,"caption":"Artofix"},"image":{"@id":"https:\/\/artofix.com\/fr\/#\/schema\/logo\/image\/"},"sameAs":["https:\/\/www.facebook.com\/artofixsound","https:\/\/x.com\/ArtofixInfo","https:\/\/www.instagram.com\/artofix\/","https:\/\/www.linkedin.com\/company\/artofix\/","https:\/\/www.pinterest.ca\/ArtofixSoundXspace\/"]}]}},"_links":{"self":[{"href":"https:\/\/artofix.com\/fr\/wp-json\/wp\/v2\/pages\/2258","targetHints":{"allow":["GET"]}}],"collection":[{"href":"https:\/\/artofix.com\/fr\/wp-json\/wp\/v2\/pages"}],"about":[{"href":"https:\/\/artofix.com\/fr\/wp-json\/wp\/v2\/types\/page"}],"author":[{"embeddable":true,"href":"https:\/\/artofix.com\/fr\/wp-json\/wp\/v2\/users\/2"}],"replies":[{"embeddable":true,"href":"https:\/\/artofix.com\/fr\/wp-json\/wp\/v2\/comments?post=2258"}],"version-history":[{"count":6,"href":"https:\/\/artofix.com\/fr\/wp-json\/wp\/v2\/pages\/2258\/revisions"}],"predecessor-version":[{"id":2584,"href":"https:\/\/artofix.com\/fr\/wp-json\/wp\/v2\/pages\/2258\/revisions\/2584"}],"wp:attachment":[{"href":"https:\/\/artofix.com\/fr\/wp-json\/wp\/v2\/media?parent=2258"}],"curies":[{"name":"wp","href":"https:\/\/api.w.org\/{rel}","templated":true}]}}