{"id":183,"date":"2019-11-11T18:29:39","date_gmt":"2019-11-11T23:29:39","guid":{"rendered":"http:\/\/https:\/\/artofix.com\/\/?page_id=183"},"modified":"2024-07-19T14:27:44","modified_gmt":"2024-07-19T18:27:44","slug":"homepage-francaise","status":"publish","type":"page","link":"https:\/\/artofix.com\/fr\/","title":{"rendered":"ARTOFIX | Nous sommes votre partenaire cr\u00e9atif de solutions acoustiques"},"content":{"rendered":"<div class=\"wp-block-columns is-layout-flex wp-container-core-columns-is-layout-9d6595d7 wp-block-columns-is-layout-flex\"><div class=\"wp-block-column is-layout-flow wp-block-column-is-layout-flow\" style=\"flex-basis:100%\"><!-- Contact us fixed -->\n<div class=\"contact-us-fixed\">\n    <a href=\"https:\/\/artofix.com\/fr\/contact\/\" data-scroll=\"#contact-form\">Discutez avec un expert<\/a>\n    <div class=\"contact-us__side\"><\/div>\n<\/div>\n<!-- Top page anchors -->\n<div class=\"anchor-menu\">\n    <div class=\"wrapper container relative\">\n        <div class=\"anchor bg-white\">\n            <div class=\"anchor__order\">1.0<\/div>\n            <div class=\"anchor__description\">Nous utilisons l\u2019art pour r\u00e9soudre les probl\u00e8mes de bruit et de r\u00e9verb\u00e9ration<\/div>\n            <div class=\"anchor__link\"><a href=\"https:\/\/artofix.com\/about\/\">Notre expertise acoustique<\/a>\n            <\/div>\n        <\/div>\n\n        <div class=\"anchor bg-white\">\n            <div class=\"anchor__order\">2.0<\/div>\n            <div class=\"anchor__description\">Une combinaison parfaite du confort acoustique et du design<\/div>\n            <div class=\"anchor__link\"><a href=\"https:\/\/artofix.com\/case-studies\/university-of-montreal\/\">Nos r\u00e9alisations<\/a>\n            <\/div>\n        <\/div>\n\n        <div class=\"anchor bg-white\">\n            <div class=\"anchor__order\">3.0<\/div>\n            <div class=\"anchor__description\">Une gamme compl\u00e8te de produits architecturaux 3D personnalisables<\/div>\n            <div class=\"anchor__link\"><a href=\"https:\/\/artofix.com\/products-hub\/\">Nos produits<\/a><\/div>\n        <\/div>\n    <\/div>\n<\/div><\/div><\/div><!-- Section Content with ID -->\n<div id=\"section-1\" class=\"container section content\">\n    <div class=\"page-anchor\">\n        <div class=\"page-anchor__order\">1.0<\/div>\n        <div class=\"page-anchor__description\">\n            <span class=\"extra-bold\">Qui est<\/span>\n            <br\/>\n            <span class=\"text-black\">Artofix?<\/span>\n        <\/div>\n    <\/div>\n    <div class=\"block\">\n        <h2 class=\"block__title title-bold\">Nous sommes votre partenaire cr\u00e9atif de solutions acoustiques.<\/h2>\n        <p>Dans le but d\u2019am\u00e9liorer les espaces de vie, nous utilisons l\u2019art pour r\u00e9soudre les probl\u00e8mes acoustiques qu\u2019on trouve g\u00e9n\u00e9ralement dans les environnements \u00e0 aires ouvertes. Nos solutions allient le confort acoustique et le design pour cr\u00e9er des environnements sains et inspirants qui am\u00e9liorent le bien-\u00eatre collectif.<\/p>\n\n        <div class=\"block__2col\">\n            <div class=\"col\">\n                <h3 class=\"col__title title-small\">Un service in\u00e9gal\u00e9.<\/h3>\n                <p class=\"small\">Notre objectif ultime ? Accompagner nos clients dans la transformation des environnements en de meilleurs espaces de vie. Nous simplifions l&rsquo;int\u00e9gration de solutions acoustiques \u00e0 vos projets. Gr\u00e2ce \u00e0 nos conseils avis\u00e9s, nous contribuons \u00e0 faire de votre projet un succ\u00e8s.<\/p>\n            <\/div>\n            <div class=\"col\">\n                <h3 class=\"col__title title-small\">Des capacit\u00e9s illimit\u00e9es de personnalisation.<\/h3>\n                <p class=\"small\">Pr\u00e9servant leurs propri\u00e9t\u00e9s acoustiques, nos produits architecturaux 3D permettent de repenser compl\u00e8tement le confort et l\u2019intimit\u00e9 acoustique des espaces collectifs et de les am\u00e9liorer. De plus, ils embellissent et mettent en valeur les espaces et les environnements d\u2019une mani\u00e8re totalement unique.<\/p>\n            <\/div>\n        <\/div>\n    <\/div>\n<\/div><!-- Section Content with ID -->\n<div id=\"section-2\" class=\"container section content\">\n    <div class=\"page-anchor\">\n        <div class=\"page-anchor__order\">2.0<\/div>\n        <div class=\"page-anchor__description\">\n            <span class=\"extra-bold\">D\u00e9couvrez<\/span>\n            <br\/>\n            <span class=\"text-black\">les possibilit\u00e9s<\/span>\n        <\/div>\n    <\/div>\n\n    <div class=\"block\">\n        <h3 class=\"light-title-brown\">DES ESPACES DE VIE SAINS ET INSPIRANTS<\/h3>\n        <ul class=\"list-reset list-possibilities\">\n                            <li>\n                    <a href=\"\/fr\/espaces-a-bureaux\/\">\n                        <span>ESPACES \u00c0 BUREAUX<\/span>\n                    <\/a>\n                <\/li>\n                            <li>\n                    <a href=\"\/fr\/espaces-publics\/\">\n                        <span>ESPACES PUBLICS<\/span>\n                    <\/a>\n                <\/li>\n                            <li>\n                    <a href=\"\/fr\/restaurants-et-hotels\/\">\n                        <span>RESTAURANTS ET H\u00d4TELS<\/span>\n                    <\/a>\n                <\/li>\n                            <li>\n                    <a href=\"\/fr\/etablissements-scolaires\/\">\n                        <span>\u00c9TABLISSEMENTS SCOLAIRES<\/span>\n                    <\/a>\n                <\/li>\n                            <li>\n                    <a href=\"\/fr\/installations-sportives\/\">\n                        <span>INSTALLATIONS SPORTIVES<\/span>\n                    <\/a>\n                <\/li>\n                            <li>\n                    <a href=\"\/fr\/divertissement\/\">\n                        <span>DIVERTISSEMENT<\/span>\n                    <\/a>\n                <\/li>\n                    <\/ul>\n    <\/div>\n<\/div><!-- Section Content - No ID -->\n<div class=\"container section content content--no-id\">\n    <div class=\"content__left\">\n        <div class=\"col\">\n            <h3 class=\"col__title title-small\">Des solutions qui ont de l\u2019impact !<\/h3>\n            <p class=\"bold\">Nous vivons au rythme de notre environnement. Au travail. Sur les bancs d\u2019\u00e9cole. Dans nos loisirs.<\/p>\n            <p class=\"small\">Configurables et polyvalentes, nos solutions acoustiques sont con\u00e7ues pour embellir et mettre en valeur les espaces et les environnements \u00e0 aires ouvertes d\u2019une mani\u00e8re totalement unique. Pr\u00e9servant leurs propri\u00e9t\u00e9s acoustiques, nos produits architecturaux 3D permettent de repenser compl\u00e8tement le confort et l\u2019intimit\u00e9 acoustique des espaces collectifs et de les transformer en environnements-signatures.<\/p>\n        <\/div>\n        <div class=\"col\">\n            <h3 class=\"col__title title-small\">Performance acoustique<\/h3>\n            <p class=\"bold\">En tant qu\u2019experts en environnements sonores, nous mettons les besoins acoustiques des individus \u00e0 l\u2019avant-plan.<\/p>\n            <p class=\"small\">Faciles \u00e0 installer, nos solutions sont con\u00e7ues pour att\u00e9nuer l\u2019impact du bruit ambiant et de la r\u00e9verb\u00e9ration. Nos tuiles tridimensionnelles ont la particularit\u00e9 d\u2019offrir le m\u00eame niveau de performance acoustique que les tuiles plates.<\/p>\n        <\/div>\n    <\/div>\n\n    <div class=\"content__right\">\n        <span class=\"float-right\">\n            <img decoding=\"async\" alt=\"\" src=\"https:\/\/artofix.com\/wp-content\/uploads\/2019\/11\/563x766.jpg\" \/>\n        <\/span>\n    <\/div>\n<\/div><div style=\"height:100px\" aria-hidden=\"true\" class=\"wp-block-spacer\"><\/div><div class=\"wp-block-group\"><div class=\"wp-block-group__inner-container is-layout-flow wp-block-group-is-layout-flow\"><\/div><\/div>","protected":false},"excerpt":{"rendered":"","protected":false},"author":2,"featured_media":0,"parent":0,"menu_order":0,"comment_status":"closed","ping_status":"closed","template":"","meta":{"footnotes":""},"class_list":["post-183","page","type-page","status-publish","hentry"],"acf":[],"yoast_head":"<!-- This site is optimized with the Yoast SEO plugin v25.2 - https:\/\/yoast.com\/wordpress\/plugins\/seo\/ -->\n<title>ARTOFIX | Solutions acoustiques design et performantes<\/title>\n<meta name=\"description\" content=\"Transformez vos espaces avec nos solutions acoustiques \u00e9l\u00e9gantes et innovantes. Parfaites pour bureaux, gymnases et plus. Am\u00e9liorez votre bien-\u00eatre quotidien.\" \/>\n<meta name=\"robots\" content=\"index, follow, max-snippet:-1, max-image-preview:large, max-video-preview:-1\" \/>\n<link rel=\"canonical\" href=\"https:\/\/artofix.com\/fr\/\" \/>\n<meta property=\"og:locale\" content=\"fr_CA\" \/>\n<meta property=\"og:type\" content=\"article\" \/>\n<meta property=\"og:title\" content=\"ARTOFIX | Solutions acoustiques design et performantes\" \/>\n<meta property=\"og:description\" content=\"Transformez vos espaces avec nos solutions acoustiques \u00e9l\u00e9gantes et innovantes. Parfaites pour bureaux, gymnases et plus. Am\u00e9liorez votre bien-\u00eatre quotidien.\" \/>\n<meta property=\"og:url\" content=\"https:\/\/artofix.com\/fr\/\" \/>\n<meta property=\"og:site_name\" content=\"Artofix\" \/>\n<meta property=\"article:publisher\" content=\"https:\/\/www.facebook.com\/artofixsound\" \/>\n<meta property=\"article:modified_time\" content=\"2024-07-19T18:27:44+00:00\" \/>\n<meta property=\"og:image\" content=\"https:\/\/artofix.com\/wp-content\/uploads\/2021\/10\/ARTOFIX.png\" \/>\n\t<meta property=\"og:image:width\" content=\"1138\" \/>\n\t<meta property=\"og:image:height\" content=\"759\" \/>\n\t<meta property=\"og:image:type\" content=\"image\/png\" \/>\n<meta name=\"twitter:card\" content=\"summary_large_image\" \/>\n<meta name=\"twitter:site\" content=\"@ArtofixInfo\" \/>\n<script type=\"application\/ld+json\" class=\"yoast-schema-graph\">{\"@context\":\"https:\/\/schema.org\",\"@graph\":[{\"@type\":\"WebPage\",\"@id\":\"https:\/\/artofix.com\/fr\/\",\"url\":\"https:\/\/artofix.com\/fr\/\",\"name\":\"ARTOFIX | Solutions acoustiques design et performantes\",\"isPartOf\":{\"@id\":\"https:\/\/artofix.com\/fr\/#website\"},\"datePublished\":\"2019-11-11T23:29:39+00:00\",\"dateModified\":\"2024-07-19T18:27:44+00:00\",\"description\":\"Transformez vos espaces avec nos solutions acoustiques \u00e9l\u00e9gantes et innovantes. Parfaites pour bureaux, gymnases et plus. Am\u00e9liorez votre bien-\u00eatre quotidien.\",\"breadcrumb\":{\"@id\":\"https:\/\/artofix.com\/fr\/#breadcrumb\"},\"inLanguage\":\"fr-CA\",\"potentialAction\":[{\"@type\":\"ReadAction\",\"target\":[\"https:\/\/artofix.com\/fr\/\"]}]},{\"@type\":\"BreadcrumbList\",\"@id\":\"https:\/\/artofix.com\/fr\/#breadcrumb\",\"itemListElement\":[{\"@type\":\"ListItem\",\"position\":1,\"name\":\"Accueil\",\"item\":\"https:\/\/artofix.com\/fr\/\"},{\"@type\":\"ListItem\",\"position\":2,\"name\":\"ARTOFIX | Nous sommes votre partenaire cr\u00e9atif de solutions acoustiques\"}]},{\"@type\":\"WebSite\",\"@id\":\"https:\/\/artofix.com\/fr\/#website\",\"url\":\"https:\/\/artofix.com\/fr\/\",\"name\":\"Artofix\",\"description\":\"\",\"publisher\":{\"@id\":\"https:\/\/artofix.com\/fr\/#organization\"},\"potentialAction\":[{\"@type\":\"SearchAction\",\"target\":{\"@type\":\"EntryPoint\",\"urlTemplate\":\"https:\/\/artofix.com\/fr\/?s={search_term_string}\"},\"query-input\":{\"@type\":\"PropertyValueSpecification\",\"valueRequired\":true,\"valueName\":\"search_term_string\"}}],\"inLanguage\":\"fr-CA\"},{\"@type\":\"Organization\",\"@id\":\"https:\/\/artofix.com\/fr\/#organization\",\"name\":\"Artofix\",\"url\":\"https:\/\/artofix.com\/fr\/\",\"logo\":{\"@type\":\"ImageObject\",\"inLanguage\":\"fr-CA\",\"@id\":\"https:\/\/artofix.com\/fr\/#\/schema\/logo\/image\/\",\"url\":\"https:\/\/artofix.com\/wp-content\/uploads\/2019\/11\/logo-artofix.png\",\"contentUrl\":\"https:\/\/artofix.com\/wp-content\/uploads\/2019\/11\/logo-artofix.png\",\"width\":162,\"height\":40,\"caption\":\"Artofix\"},\"image\":{\"@id\":\"https:\/\/artofix.com\/fr\/#\/schema\/logo\/image\/\"},\"sameAs\":[\"https:\/\/www.facebook.com\/artofixsound\",\"https:\/\/x.com\/ArtofixInfo\",\"https:\/\/www.instagram.com\/artofix\/\",\"https:\/\/www.linkedin.com\/company\/artofix\/\",\"https:\/\/www.pinterest.ca\/ArtofixSoundXspace\/\"]}]}<\/script>\n<!-- \/ Yoast SEO plugin. -->","yoast_head_json":{"title":"ARTOFIX | Solutions acoustiques design et performantes","description":"Transformez vos espaces avec nos solutions acoustiques \u00e9l\u00e9gantes et innovantes. Parfaites pour bureaux, gymnases et plus. Am\u00e9liorez votre bien-\u00eatre quotidien.","robots":{"index":"index","follow":"follow","max-snippet":"max-snippet:-1","max-image-preview":"max-image-preview:large","max-video-preview":"max-video-preview:-1"},"canonical":"https:\/\/artofix.com\/fr\/","og_locale":"fr_CA","og_type":"article","og_title":"ARTOFIX | Solutions acoustiques design et performantes","og_description":"Transformez vos espaces avec nos solutions acoustiques \u00e9l\u00e9gantes et innovantes. Parfaites pour bureaux, gymnases et plus. Am\u00e9liorez votre bien-\u00eatre quotidien.","og_url":"https:\/\/artofix.com\/fr\/","og_site_name":"Artofix","article_publisher":"https:\/\/www.facebook.com\/artofixsound","article_modified_time":"2024-07-19T18:27:44+00:00","og_image":[{"width":1138,"height":759,"url":"https:\/\/artofix.com\/wp-content\/uploads\/2021\/10\/ARTOFIX.png","type":"image\/png"}],"twitter_card":"summary_large_image","twitter_site":"@ArtofixInfo","schema":{"@context":"https:\/\/schema.org","@graph":[{"@type":"WebPage","@id":"https:\/\/artofix.com\/fr\/","url":"https:\/\/artofix.com\/fr\/","name":"ARTOFIX | Solutions acoustiques design et performantes","isPartOf":{"@id":"https:\/\/artofix.com\/fr\/#website"},"datePublished":"2019-11-11T23:29:39+00:00","dateModified":"2024-07-19T18:27:44+00:00","description":"Transformez vos espaces avec nos solutions acoustiques \u00e9l\u00e9gantes et innovantes. Parfaites pour bureaux, gymnases et plus. Am\u00e9liorez votre bien-\u00eatre quotidien.","breadcrumb":{"@id":"https:\/\/artofix.com\/fr\/#breadcrumb"},"inLanguage":"fr-CA","potentialAction":[{"@type":"ReadAction","target":["https:\/\/artofix.com\/fr\/"]}]},{"@type":"BreadcrumbList","@id":"https:\/\/artofix.com\/fr\/#breadcrumb","itemListElement":[{"@type":"ListItem","position":1,"name":"Accueil","item":"https:\/\/artofix.com\/fr\/"},{"@type":"ListItem","position":2,"name":"ARTOFIX | Nous sommes votre partenaire cr\u00e9atif de solutions acoustiques"}]},{"@type":"WebSite","@id":"https:\/\/artofix.com\/fr\/#website","url":"https:\/\/artofix.com\/fr\/","name":"Artofix","description":"","publisher":{"@id":"https:\/\/artofix.com\/fr\/#organization"},"potentialAction":[{"@type":"SearchAction","target":{"@type":"EntryPoint","urlTemplate":"https:\/\/artofix.com\/fr\/?s={search_term_string}"},"query-input":{"@type":"PropertyValueSpecification","valueRequired":true,"valueName":"search_term_string"}}],"inLanguage":"fr-CA"},{"@type":"Organization","@id":"https:\/\/artofix.com\/fr\/#organization","name":"Artofix","url":"https:\/\/artofix.com\/fr\/","logo":{"@type":"ImageObject","inLanguage":"fr-CA","@id":"https:\/\/artofix.com\/fr\/#\/schema\/logo\/image\/","url":"https:\/\/artofix.com\/wp-content\/uploads\/2019\/11\/logo-artofix.png","contentUrl":"https:\/\/artofix.com\/wp-content\/uploads\/2019\/11\/logo-artofix.png","width":162,"height":40,"caption":"Artofix"},"image":{"@id":"https:\/\/artofix.com\/fr\/#\/schema\/logo\/image\/"},"sameAs":["https:\/\/www.facebook.com\/artofixsound","https:\/\/x.com\/ArtofixInfo","https:\/\/www.instagram.com\/artofix\/","https:\/\/www.linkedin.com\/company\/artofix\/","https:\/\/www.pinterest.ca\/ArtofixSoundXspace\/"]}]}},"_links":{"self":[{"href":"https:\/\/artofix.com\/fr\/wp-json\/wp\/v2\/pages\/183","targetHints":{"allow":["GET"]}}],"collection":[{"href":"https:\/\/artofix.com\/fr\/wp-json\/wp\/v2\/pages"}],"about":[{"href":"https:\/\/artofix.com\/fr\/wp-json\/wp\/v2\/types\/page"}],"author":[{"embeddable":true,"href":"https:\/\/artofix.com\/fr\/wp-json\/wp\/v2\/users\/2"}],"replies":[{"embeddable":true,"href":"https:\/\/artofix.com\/fr\/wp-json\/wp\/v2\/comments?post=183"}],"version-history":[{"count":31,"href":"https:\/\/artofix.com\/fr\/wp-json\/wp\/v2\/pages\/183\/revisions"}],"predecessor-version":[{"id":3902,"href":"https:\/\/artofix.com\/fr\/wp-json\/wp\/v2\/pages\/183\/revisions\/3902"}],"wp:attachment":[{"href":"https:\/\/artofix.com\/fr\/wp-json\/wp\/v2\/media?parent=183"}],"curies":[{"name":"wp","href":"https:\/\/api.w.org\/{rel}","templated":true}]}}